{"id":195,"date":"2025-10-07T16:22:49","date_gmt":"2025-10-07T16:22:49","guid":{"rendered":"https:\/\/www.quintadasamoca.com\/?post_type=product&#038;p=195"},"modified":"2026-02-26T12:57:27","modified_gmt":"2026-02-26T12:57:27","slug":"rose","status":"publish","type":"product","link":"http:\/\/www.quintadasamoca.com\/en\/product\/rose\/","title":{"rendered":"Ros\u00e9"},"content":{"rendered":"<p>Ros\u00e9 \u00e9 um vinho verde produzido com as melhores castas da regi\u00e3o.<\/p>\n<p>Tem uma cor rosada brilhante, com aromas delicados de frutos vermelhos do bosque.<\/p>\n<p>Equilibrado entre cremosidade e acidez, \u00e9 a escolha ideal para um aperitivo ou para acompanhar sushi e saladas.<\/p>","protected":false},"excerpt":{"rendered":"<p>Vinho ros\u00e9 frutado e fresco, com aromas de frutos vermelhos.<br \/>\nPerfeito para aperitivos e pratos leves.<\/p>","protected":false},"featured_media":203,"comment_status":"open","ping_status":"closed","template":"","meta":{"_acf_changed":false},"product_brand":[],"product_cat":[15],"product_tag":[31,44,36,42,43,41,24,45,30,22],"class_list":{"0":"post-195","1":"product","2":"type-product","3":"status-publish","4":"has-post-thumbnail","6":"product_cat-vinhos-verdes","7":"product_tag-31","8":"product_tag-aperitivo","9":"product_tag-fresco","10":"product_tag-frutado","11":"product_tag-frutos-vermelhos","12":"product_tag-rose","13":"product_tag-sub-regiao-amarante","14":"product_tag-sushi","15":"product_tag-vegan","16":"product_tag-vinho-verde","18":"first","19":"instock","20":"taxable","21":"shipping-taxable","22":"purchasable","23":"product-type-simple"},"acf":[],"_links":{"self":[{"href":"http:\/\/www.quintadasamoca.com\/en\/wp-json\/wp\/v2\/product\/195","targetHints":{"allow":["GET"]}}],"collection":[{"href":"http:\/\/www.quintadasamoca.com\/en\/wp-json\/wp\/v2\/product"}],"about":[{"href":"http:\/\/www.quintadasamoca.com\/en\/wp-json\/wp\/v2\/types\/product"}],"replies":[{"embeddable":true,"href":"http:\/\/www.quintadasamoca.com\/en\/wp-json\/wp\/v2\/comments?post=195"}],"wp:featuredmedia":[{"embeddable":true,"href":"http:\/\/www.quintadasamoca.com\/en\/wp-json\/wp\/v2\/media\/203"}],"wp:attachment":[{"href":"http:\/\/www.quintadasamoca.com\/en\/wp-json\/wp\/v2\/media?parent=195"}],"wp:term":[{"taxonomy":"product_brand","embeddable":true,"href":"http:\/\/www.quintadasamoca.com\/en\/wp-json\/wp\/v2\/product_brand?post=195"},{"taxonomy":"product_cat","embeddable":true,"href":"http:\/\/www.quintadasamoca.com\/en\/wp-json\/wp\/v2\/product_cat?post=195"},{"taxonomy":"product_tag","embeddable":true,"href":"http:\/\/www.quintadasamoca.com\/en\/wp-json\/wp\/v2\/product_tag?post=195"}],"curies":[{"name":"wp","href":"https:\/\/api.w.org\/{rel}","templated":true}]}}