{"id":193,"date":"2025-10-07T16:19:10","date_gmt":"2025-10-07T16:19:10","guid":{"rendered":"https:\/\/www.quintadasamoca.com\/?post_type=product&#038;p=193"},"modified":"2026-02-26T19:55:02","modified_gmt":"2026-02-26T19:55:02","slug":"avesso","status":"publish","type":"product","link":"http:\/\/www.quintadasamoca.com\/en\/product\/avesso\/","title":{"rendered":"Avesso"},"content":{"rendered":"<p>Avesso \u00e9 um vinho verde monocasta, origin\u00e1rio da sub-regi\u00e3o de Amarante, produzido exclusivamente com a casta Avesso.<\/p>\n<p>Apresenta aromas florais e de fruta branca, al\u00e9m de uma excelente frescura e mineralidade.<\/p>\n<p>Ideal para pratos de peixe grelhado e marisco.<\/p>","protected":false},"excerpt":{"rendered":"<p>Vinho verde fresco e floral, com notas de fruta branca.<br \/>\nHarmoniza bem com peixe grelhado e marisco.<\/p>","protected":false},"featured_media":2629,"comment_status":"open","ping_status":"closed","template":"","meta":{"_acf_changed":false},"product_brand":[],"product_cat":[15],"product_tag":[31,33,29,34,36,35,32,24,30,22],"class_list":{"0":"post-193","1":"product","2":"type-product","3":"status-publish","4":"has-post-thumbnail","6":"product_cat-vinhos-verdes","7":"product_tag-31","8":"product_tag-avesso","9":"product_tag-consumo-jovem","10":"product_tag-floral","11":"product_tag-fresco","12":"product_tag-fruta-branca","13":"product_tag-monocasta","14":"product_tag-sub-regiao-amarante","15":"product_tag-vegan","16":"product_tag-vinho-verde","18":"first","19":"instock","20":"taxable","21":"shipping-taxable","22":"purchasable","23":"product-type-simple"},"acf":[],"_links":{"self":[{"href":"http:\/\/www.quintadasamoca.com\/en\/wp-json\/wp\/v2\/product\/193","targetHints":{"allow":["GET"]}}],"collection":[{"href":"http:\/\/www.quintadasamoca.com\/en\/wp-json\/wp\/v2\/product"}],"about":[{"href":"http:\/\/www.quintadasamoca.com\/en\/wp-json\/wp\/v2\/types\/product"}],"replies":[{"embeddable":true,"href":"http:\/\/www.quintadasamoca.com\/en\/wp-json\/wp\/v2\/comments?post=193"}],"wp:featuredmedia":[{"embeddable":true,"href":"http:\/\/www.quintadasamoca.com\/en\/wp-json\/wp\/v2\/media\/2629"}],"wp:attachment":[{"href":"http:\/\/www.quintadasamoca.com\/en\/wp-json\/wp\/v2\/media?parent=193"}],"wp:term":[{"taxonomy":"product_brand","embeddable":true,"href":"http:\/\/www.quintadasamoca.com\/en\/wp-json\/wp\/v2\/product_brand?post=193"},{"taxonomy":"product_cat","embeddable":true,"href":"http:\/\/www.quintadasamoca.com\/en\/wp-json\/wp\/v2\/product_cat?post=193"},{"taxonomy":"product_tag","embeddable":true,"href":"http:\/\/www.quintadasamoca.com\/en\/wp-json\/wp\/v2\/product_tag?post=193"}],"curies":[{"name":"wp","href":"https:\/\/api.w.org\/{rel}","templated":true}]}}