{"id":182,"date":"2025-10-07T16:00:22","date_gmt":"2025-10-07T16:00:22","guid":{"rendered":"https:\/\/www.quintadasamoca.com\/?post_type=product&#038;p=182"},"modified":"2026-02-26T12:57:33","modified_gmt":"2026-02-26T12:57:33","slug":"vinhas-dariz","status":"publish","type":"product","link":"http:\/\/www.quintadasamoca.com\/en\/product\/vinhas-dariz\/","title":{"rendered":"Vinhas d&#8217;Ariz"},"content":{"rendered":"<p>Vinhas d&#8217;Ariz \u00e9 um vinho verde de blend, proveniente da sub-regi\u00e3o de Amarante.<\/p>\n<p>Este vinho cristalino tem uma cor amarelo lim\u00e3o e \u00e9 refrescante, com aromas frescos de ma\u00e7\u00e3 verde e lima, al\u00e9m de notas de citrus.<\/p>\n<p>A sua mineralidade penetrante e acidez fazem dele a escolha perfeita para os momentos mais especiais.<\/p>","protected":false},"excerpt":{"rendered":"<p>Vinho verde refrescante e frutado, com notas de ma\u00e7\u00e3 verde e lima.<br \/>\nIdeal para harmonizar com peixe e marisco.<\/p>","protected":false},"featured_media":202,"comment_status":"open","ping_status":"closed","template":"","meta":{"_acf_changed":false},"product_brand":[],"product_cat":[15],"product_tag":[31,23,29,27,26,28,25,24,30,22],"class_list":{"0":"post-182","1":"product","2":"type-product","3":"status-publish","4":"has-post-thumbnail","6":"product_cat-vinhos-verdes","7":"product_tag-31","8":"product_tag-blend","9":"product_tag-consumo-jovem","10":"product_tag-lima","11":"product_tag-maca-verde","12":"product_tag-mineralidade","13":"product_tag-refrescante","14":"product_tag-sub-regiao-amarante","15":"product_tag-vegan","16":"product_tag-vinho-verde","18":"first","19":"instock","20":"taxable","21":"shipping-taxable","22":"purchasable","23":"product-type-simple"},"acf":[],"_links":{"self":[{"href":"http:\/\/www.quintadasamoca.com\/en\/wp-json\/wp\/v2\/product\/182","targetHints":{"allow":["GET"]}}],"collection":[{"href":"http:\/\/www.quintadasamoca.com\/en\/wp-json\/wp\/v2\/product"}],"about":[{"href":"http:\/\/www.quintadasamoca.com\/en\/wp-json\/wp\/v2\/types\/product"}],"replies":[{"embeddable":true,"href":"http:\/\/www.quintadasamoca.com\/en\/wp-json\/wp\/v2\/comments?post=182"}],"wp:featuredmedia":[{"embeddable":true,"href":"http:\/\/www.quintadasamoca.com\/en\/wp-json\/wp\/v2\/media\/202"}],"wp:attachment":[{"href":"http:\/\/www.quintadasamoca.com\/en\/wp-json\/wp\/v2\/media?parent=182"}],"wp:term":[{"taxonomy":"product_brand","embeddable":true,"href":"http:\/\/www.quintadasamoca.com\/en\/wp-json\/wp\/v2\/product_brand?post=182"},{"taxonomy":"product_cat","embeddable":true,"href":"http:\/\/www.quintadasamoca.com\/en\/wp-json\/wp\/v2\/product_cat?post=182"},{"taxonomy":"product_tag","embeddable":true,"href":"http:\/\/www.quintadasamoca.com\/en\/wp-json\/wp\/v2\/product_tag?post=182"}],"curies":[{"name":"wp","href":"https:\/\/api.w.org\/{rel}","templated":true}]}}