{"id":1812,"date":"2025-11-07T17:10:03","date_gmt":"2025-11-07T17:10:03","guid":{"rendered":"https:\/\/www.quintadasamoca.com\/?post_type=product&#038;p=1812"},"modified":"2025-12-03T12:32:01","modified_gmt":"2025-12-03T12:32:01","slug":"voucher-prova-de-vinhos","status":"publish","type":"product","link":"http:\/\/www.quintadasamoca.com\/en\/product\/voucher-prova-de-vinhos\/","title":{"rendered":"Voucher &#8220;Prova de Vinhos&#8221;"},"content":{"rendered":"<p data-start=\"641\" data-end=\"850\">Surpreenda algu\u00e9m especial com um <strong data-start=\"675\" data-end=\"705\">voucher de prova de vinhos<\/strong> na Quinta da Samo\u00e7a.<br data-start=\"726\" data-end=\"729\" \/>Uma experi\u00eancia aut\u00eantica, ideal para quem aprecia o melhor do Vinho Verde e o encanto da natureza em Marco de Canaveses.<\/p>\n<p data-start=\"852\" data-end=\"863\"><strong data-start=\"852\" data-end=\"863\">Inclui:<\/strong><\/p>\n<ul>\n<li style=\"list-style-type: none;\">\n<ul data-start=\"864\" data-end=\"1008\">\n<li data-start=\"864\" data-end=\"911\">\n<p data-start=\"866\" data-end=\"911\">Degusta\u00e7\u00e3o de <strong data-start=\"880\" data-end=\"909\">3 vinhos Quinta da Samo\u00e7a<\/strong><\/p>\n<\/li>\n<li data-start=\"912\" data-end=\"971\">\n<p data-start=\"914\" data-end=\"971\">Enquadramento sobre a hist\u00f3ria e o processo de produ\u00e7\u00e3o<\/p>\n<\/li>\n<li data-start=\"972\" data-end=\"1008\">\n<p data-start=\"974\" data-end=\"1008\">Dura\u00e7\u00e3o aproximada: <strong data-start=\"994\" data-end=\"1008\">45 minutos<\/strong><\/p>\n<\/li>\n<\/ul>\n<\/li>\n<\/ul>\n<blockquote data-start=\"1010\" data-end=\"1123\">\n<p data-start=\"1012\" data-end=\"1123\" style=\"color:#FFFFFF;\">\n        Um presente perfeito para celebrar momentos \u00fanicos \u2014 a simplicidade e autenticidade de um vinho feito com alma.\n    <\/p>\n<\/blockquote>","protected":false},"excerpt":{"rendered":"<p data-start=\"486\" data-end=\"597\">Ofere\u00e7a uma experi\u00eancia \u00fanica de prova de vinhos na Quinta da Samo\u00e7a \u2014 tr\u00eas vinhos, tradi\u00e7\u00e3o e partilha \u00e0 mesa.<\/p>\n<p data-start=\"486\" data-end=\"597\">Ap\u00f3s a compra, receber\u00e1 o seu voucher digital por e-mail no prazo m\u00e1ximo de 24h \u00fateis.<\/p>","protected":false},"featured_media":1841,"comment_status":"open","ping_status":"closed","template":"","meta":{"_acf_changed":false},"product_brand":[],"product_cat":[70,69],"product_tag":[73,74,72,75,71],"class_list":{"0":"post-1812","1":"product","2":"type-product","3":"status-publish","4":"has-post-thumbnail","6":"product_cat-enoturismo","7":"product_cat-vouchers-de-oferta","8":"product_tag-enoturismo","9":"product_tag-experiencia","10":"product_tag-prova-de-vinhos","11":"product_tag-quinta-da-samoca","12":"product_tag-voucher-presente","14":"first","15":"instock","16":"virtual","17":"purchasable","18":"product-type-simple"},"acf":[],"_links":{"self":[{"href":"http:\/\/www.quintadasamoca.com\/en\/wp-json\/wp\/v2\/product\/1812","targetHints":{"allow":["GET"]}}],"collection":[{"href":"http:\/\/www.quintadasamoca.com\/en\/wp-json\/wp\/v2\/product"}],"about":[{"href":"http:\/\/www.quintadasamoca.com\/en\/wp-json\/wp\/v2\/types\/product"}],"replies":[{"embeddable":true,"href":"http:\/\/www.quintadasamoca.com\/en\/wp-json\/wp\/v2\/comments?post=1812"}],"wp:featuredmedia":[{"embeddable":true,"href":"http:\/\/www.quintadasamoca.com\/en\/wp-json\/wp\/v2\/media\/1841"}],"wp:attachment":[{"href":"http:\/\/www.quintadasamoca.com\/en\/wp-json\/wp\/v2\/media?parent=1812"}],"wp:term":[{"taxonomy":"product_brand","embeddable":true,"href":"http:\/\/www.quintadasamoca.com\/en\/wp-json\/wp\/v2\/product_brand?post=1812"},{"taxonomy":"product_cat","embeddable":true,"href":"http:\/\/www.quintadasamoca.com\/en\/wp-json\/wp\/v2\/product_cat?post=1812"},{"taxonomy":"product_tag","embeddable":true,"href":"http:\/\/www.quintadasamoca.com\/en\/wp-json\/wp\/v2\/product_tag?post=1812"}],"curies":[{"name":"wp","href":"https:\/\/api.w.org\/{rel}","templated":true}]}}