{"id":3,"date":"2025-10-07T09:27:29","date_gmt":"2025-10-07T09:27:29","guid":{"rendered":"https:\/\/www.quintadasamoca.com\/?page_id=3"},"modified":"2025-12-30T15:29:39","modified_gmt":"2025-12-30T15:29:39","slug":"politica-de-privacidade-e-cookies","status":"publish","type":"page","link":"http:\/\/www.quintadasamoca.com\/en\/politica-de-privacidade-e-cookies\/","title":{"rendered":"Pol\u00edtica de Privacidade e Cookies"},"content":{"rendered":"\t\t<div data-elementor-type=\"wp-page\" data-elementor-id=\"3\" class=\"elementor elementor-3\" data-elementor-settings=\"{&quot;ha_cmc_init_switcher&quot;:&quot;no&quot;}\" data-elementor-post-type=\"page\">\n\t\t\t\t<div class=\"elementor-element elementor-element-19742b2 e-flex e-con-boxed e-con e-parent\" data-id=\"19742b2\" data-element_type=\"container\" data-e-type=\"container\" data-settings=\"{&quot;background_background&quot;:&quot;classic&quot;,&quot;_ha_eqh_enable&quot;:false}\">\n\t\t\t\t\t<div class=\"e-con-inner\">\n\t\t<div class=\"elementor-element elementor-element-9512cd0 e-con-full e-flex e-con e-child\" data-id=\"9512cd0\" data-element_type=\"container\" data-e-type=\"container\" data-settings=\"{&quot;_ha_eqh_enable&quot;:false}\">\n\t\t\t\t<div class=\"elementor-element elementor-element-455add9 elementor-invisible elementor-widget elementor-widget-heading\" data-id=\"455add9\" data-element_type=\"widget\" data-e-type=\"widget\" data-settings=\"{&quot;_animation&quot;:&quot;fadeIn&quot;}\" data-widget_type=\"heading.default\">\n\t\t\t\t\t<h1 class=\"elementor-heading-title elementor-size-default\">Pol\u00edtica de Privacidade <br> e Cookies<\/h1>\t\t\t\t<\/div>\n\t\t\t\t<div class=\"elementor-element elementor-element-b53aa0c elementor-widget elementor-widget-woocommerce-breadcrumb\" data-id=\"b53aa0c\" data-element_type=\"widget\" data-e-type=\"widget\" data-widget_type=\"woocommerce-breadcrumb.default\">\n\t\t\t\t\t<nav class=\"woocommerce-breadcrumb\" aria-label=\"Breadcrumb\">Home<\/nav>\t\t\t\t<\/div>\n\t\t\t\t<\/div>\n\t\t\t\t\t<\/div>\n\t\t\t\t<\/div>\n\t\t<div class=\"elementor-element elementor-element-438c6d4f e-flex e-con-boxed e-con e-parent\" data-id=\"438c6d4f\" data-element_type=\"container\" data-e-type=\"container\" data-settings=\"{&quot;_ha_eqh_enable&quot;:false}\">\n\t\t\t\t\t<div class=\"e-con-inner\">\n\t\t\t\t<div class=\"elementor-element elementor-element-3f3cf97b elementor-widget elementor-widget-text-editor\" data-id=\"3f3cf97b\" data-element_type=\"widget\" data-e-type=\"widget\" data-widget_type=\"text-editor.default\">\n\t\t\t\t\t\t\t\t\t\n<h2 class=\"wp-block-heading\" data-start=\"296\" data-end=\"334\">Pol\u00edtica de Privacidade &amp; Cookies<\/h2>\n<p data-start=\"335\" data-end=\"595\"><strong data-start=\"335\" data-end=\"385\">Terras de S. Martinho &#8211; Sociedade Agr\u00edcola Lda<\/strong><br data-start=\"385\" data-end=\"388\" \/>Rua 5 de Outubro, N\u00ba 8, 2.\u00ba Andar \u2014 4630-230 Marco de Canaveses<br data-start=\"451\" data-end=\"454\" \/>NIF: 513657819<br data-start=\"468\" data-end=\"471\" \/>Telefone: 255 148 459 | Telem\u00f3vel: 938 108 103<br data-start=\"517\" data-end=\"520\" \/>E-mail: <a class=\"decorated-link cursor-pointer\" rel=\"noopener\" data-start=\"528\" data-end=\"551\">info@quintadasamoca.com<\/a><br data-start=\"551\" data-end=\"554\" \/>Vers\u00e3o: 1.0 \u2013 Atualiza\u00e7\u00e3o: [Inserir data]<\/p>\n<hr data-start=\"597\" data-end=\"600\" \/>\n<h3 data-start=\"602\" data-end=\"621\">1. Introdu\u00e7\u00e3o<\/h3>\n<p data-start=\"622\" data-end=\"1105\">Esta Pol\u00edtica explica como recolhemos, usamos, divulgamos e protegemos os seus dados pessoais e informa\u00e7\u00f5es de cookies quando utiliza o site da loja online da Quinta da Samo\u00e7a (doravante \u201cloja\u201d, \u201csite\u201d, \u201cn\u00f3s\u201d).<br data-start=\"832\" data-end=\"835\" \/>O tratamento decorre em conformidade com o Regulamento Geral sobre a Prote\u00e7\u00e3o de Dados (RGPD) e com a legisla\u00e7\u00e3o portuguesa aplic\u00e1vel.<br data-start=\"969\" data-end=\"972\" \/>Ao aceder ou utilizar o site, ou ao efetuar uma encomenda, aceita esta Pol\u00edtica. Se n\u00e3o concordar com ela, deve cessar o uso do site.<\/p>\n<hr data-start=\"1107\" data-end=\"1110\" \/>\n<h3 data-start=\"1112\" data-end=\"1157\">2. Quem \u00e9 o respons\u00e1vel pelo tratamento<\/h3>\n<p data-start=\"1158\" data-end=\"1353\">O respons\u00e1vel pelo tratamento dos seus dados pessoais \u00e9 a empresa Terras de S. Martinho &#8211; Sociedade Agr\u00edcola Lda (acima identificada).<br data-start=\"1292\" data-end=\"1295\" \/>Pode entrar em contacto atrav\u00e9s dos meios acima indicados.<\/p>\n<hr data-start=\"1355\" data-end=\"1358\" \/>\n<h3 data-start=\"1360\" data-end=\"1398\">3. Que dados pessoais recolhemos<\/h3>\n<p data-start=\"1399\" data-end=\"1446\">Podemos recolher os seguintes dados pessoais:<\/p>\n<ul data-start=\"1447\" data-end=\"2036\">\n<li data-start=\"1447\" data-end=\"1528\">\n<p data-start=\"1449\" data-end=\"1528\">Dados de identifica\u00e7\u00e3o: nome, morada f\u00edsica, c\u00f3digo-postal, localidade, pa\u00eds.<\/p>\n<\/li>\n<li data-start=\"1529\" data-end=\"1579\">\n<p data-start=\"1531\" data-end=\"1579\">Dados de contacto: e-mail, n\u00famero de telefone.<\/p>\n<\/li>\n<li data-start=\"1580\" data-end=\"1774\">\n<p data-start=\"1582\" data-end=\"1774\">Dados de factura\u00e7\u00e3o e encomenda: hist\u00f3rico de encomendas, produto(s) adquirido(s), montante pago, m\u00e9todo de pagamento (n\u00e3o armazenamos dados sens\u00edveis de cart\u00e3o se for servi\u00e7o de terceiros).<\/p>\n<\/li>\n<li data-start=\"1775\" data-end=\"1910\">\n<p data-start=\"1777\" data-end=\"1910\">Dados de navega\u00e7\u00e3o autom\u00e1tica: endere\u00e7o IP, tipo de navegador, sistema operativo, p\u00e1ginas visitadas, tempo de perman\u00eancia, cookies.<\/p>\n<\/li>\n<li data-start=\"1911\" data-end=\"2036\">\n<p data-start=\"1913\" data-end=\"2036\">Dados de marketing (com consentimento pr\u00e9vio): prefer\u00eancias, participa\u00e7\u00e3o em campanhas\/concursos, subscri\u00e7\u00e3o de newsletter.<\/p>\n<\/li>\n<\/ul>\n<hr data-start=\"2038\" data-end=\"2041\" \/>\n<h3 data-start=\"2043\" data-end=\"2077\">4. Finalidades do tratamento<\/h3>\n<p data-start=\"2078\" data-end=\"2112\">Os seus dados s\u00e3o tratados para:<\/p>\n<ul data-start=\"2113\" data-end=\"2449\">\n<li data-start=\"2113\" data-end=\"2178\">\n<p data-start=\"2115\" data-end=\"2178\">Processar e gerir encomendas (expedi\u00e7\u00e3o, entrega, fatura\u00e7\u00e3o).<\/p>\n<\/li>\n<li data-start=\"2179\" data-end=\"2245\">\n<p data-start=\"2181\" data-end=\"2245\">Fornecer suporte ao cliente e gerir devolu\u00e7\u00f5es ou reclama\u00e7\u00f5es.<\/p>\n<\/li>\n<li data-start=\"2246\" data-end=\"2312\">\n<p data-start=\"2248\" data-end=\"2312\">Garantir o funcionamento e seguran\u00e7a do site, prevenir fraude.<\/p>\n<\/li>\n<li data-start=\"2313\" data-end=\"2395\">\n<p data-start=\"2315\" data-end=\"2395\">Enviar comunica\u00e7\u00f5es comerciais ou de marketing, caso tenha dado consentimento.<\/p>\n<\/li>\n<li data-start=\"2396\" data-end=\"2449\">\n<p data-start=\"2398\" data-end=\"2449\">Cumprir obriga\u00e7\u00f5es legais, fiscais ou regulat\u00f3rias.<\/p>\n<\/li>\n<\/ul>\n<hr data-start=\"2451\" data-end=\"2454\" \/>\n<h3 data-start=\"2456\" data-end=\"2491\">5. Bases legais do tratamento<\/h3>\n<p data-start=\"2492\" data-end=\"2518\">As bases legais incluem:<\/p>\n<ul data-start=\"2519\" data-end=\"2807\">\n<li data-start=\"2519\" data-end=\"2580\">\n<p data-start=\"2521\" data-end=\"2580\">Consentimento do titular (ex.: subscri\u00e7\u00e3o de newsletter).<\/p>\n<\/li>\n<li data-start=\"2581\" data-end=\"2655\">\n<p data-start=\"2583\" data-end=\"2655\">Execu\u00e7\u00e3o de contrato ou pr\u00e9-contrato (processamento da sua encomenda).<\/p>\n<\/li>\n<li data-start=\"2656\" data-end=\"2691\">\n<p data-start=\"2658\" data-end=\"2691\">Cumprimento de obriga\u00e7\u00e3o legal.<\/p>\n<\/li>\n<li data-start=\"2692\" data-end=\"2807\">\n<p data-start=\"2694\" data-end=\"2807\">Interesse leg\u00edtimo (ex.: seguran\u00e7a do site, preven\u00e7\u00e3o de fraude), desde que n\u00e3o prevale\u00e7a sobre os seus direitos.<\/p>\n<\/li>\n<\/ul>\n<hr data-start=\"2809\" data-end=\"2812\" \/>\n<h3 data-start=\"2814\" data-end=\"2854\">6. Partilha de dados com terceiros<\/h3>\n<p data-start=\"2855\" data-end=\"2885\">Podemos partilhar dados com:<\/p>\n<ul data-start=\"2886\" data-end=\"3144\">\n<li data-start=\"2886\" data-end=\"2989\">\n<p data-start=\"2888\" data-end=\"2989\">Fornecedores t\u00e9cnicos, log\u00edsticos ou de pagamento para execu\u00e7\u00e3o dos servi\u00e7os (ex.: transportadora).<\/p>\n<\/li>\n<li data-start=\"2990\" data-end=\"3059\">\n<p data-start=\"2992\" data-end=\"3059\">Autoridades p\u00fablicas ou entidades reguladoras se exigido por lei.<\/p>\n<\/li>\n<li data-start=\"3060\" data-end=\"3144\">\n<p data-start=\"3062\" data-end=\"3144\">N\u00e3o vendemos nem alugamos dados pessoais para fins de marketing sem consentimento.<\/p>\n<\/li>\n<\/ul>\n<hr data-start=\"3146\" data-end=\"3149\" \/>\n<h3 data-start=\"3151\" data-end=\"3191\">7. Cookies e tecnologias similares<\/h3>\n<h4 data-start=\"3192\" data-end=\"3219\">a) O que s\u00e3o cookies<\/h4>\n<p data-start=\"3220\" data-end=\"3460\">Os cookies s\u00e3o ficheiros pequenos que se instalam no dispositivo do utilizador para recolher informa\u00e7\u00e3o sobre a navega\u00e7\u00e3o.<br data-start=\"3342\" data-end=\"3345\" \/>A instala\u00e7\u00e3o de cookies n\u00e3o essenciais depende do seu consentimento pr\u00e9vio. <span class=\"\" data-state=\"closed\"><span class=\"ms-1 inline-flex max-w-full items-center relative top-[-0.094rem] animate-[show_150ms_ease-in]\" data-testid=\"webpage-citation-pill\"><a class=\"flex h-4.5 overflow-hidden rounded-xl px-2 text-[9px] font-medium transition-colors duration-150 ease-in-out text-token-text-secondary! bg-[#F4F4F4]! dark:bg-[#303030]!\" href=\"https:\/\/loja9.pt\/legislacao-de-cookies-resumo-com-checklist-de-conformidade\/?utm_source=chatgpt.com\" target=\"_blank\" rel=\"noopener\"><span class=\"relative start-0 bottom-0 flex h-full w-full items-center\"><span class=\"flex h-4 w-full items-center justify-between\"><span class=\"max-w-[15ch] grow truncate overflow-hidden text-center\">loja9.pt<\/span><span class=\"-me-1 flex h-full items-center rounded-full px-1 text-[#8F8F8F]\">+1<\/span><\/span><\/span><\/a><\/span><\/span><\/p>\n<h4 data-start=\"3462\" data-end=\"3494\">b) Que cookies utilizamos<\/h4>\n<p data-start=\"3495\" data-end=\"3510\">Podemos usar:<\/p>\n<ul data-start=\"3511\" data-end=\"3844\">\n<li data-start=\"3511\" data-end=\"3597\">\n<p data-start=\"3513\" data-end=\"3597\">Cookies estritamente necess\u00e1rios (ex.: sess\u00e3o de utilizador, carrinho de compras).<\/p>\n<\/li>\n<li data-start=\"3598\" data-end=\"3693\">\n<p data-start=\"3600\" data-end=\"3693\">Cookies de performance\/anal\u00edticos (ex.: para ver quantos utilizadores visitam cada p\u00e1gina).<\/p>\n<\/li>\n<li data-start=\"3694\" data-end=\"3762\">\n<p data-start=\"3696\" data-end=\"3762\">Cookies de funcionalidade (ex.: lembrar idioma ou prefer\u00eancias).<\/p>\n<\/li>\n<li data-start=\"3763\" data-end=\"3844\">\n<p data-start=\"3765\" data-end=\"3844\">Cookies de marketing\/publicidade (ex.: remarketing ou an\u00fancios direcionados).<\/p>\n<\/li>\n<\/ul>\n<h4 data-start=\"3846\" data-end=\"3878\">c) Consentimento e gest\u00e3o<\/h4>\n<p data-start=\"3879\" data-end=\"3958\">Ao entrar no site, ser\u00e1 exibido um banner informativo de cookies que permite:<\/p>\n<ul data-start=\"3959\" data-end=\"4151\">\n<li data-start=\"3959\" data-end=\"3988\">\n<p data-start=\"3961\" data-end=\"3988\">Aceitar todos os cookies.<\/p>\n<\/li>\n<li data-start=\"3989\" data-end=\"4024\">\n<p data-start=\"3991\" data-end=\"4024\">Recusar cookies n\u00e3o essenciais.<\/p>\n<\/li>\n<li data-start=\"4025\" data-end=\"4151\">\n<p data-start=\"4027\" data-end=\"4151\">Gerir prefer\u00eancias de cookies por categoria.<br data-start=\"4071\" data-end=\"4074\" \/>O bloqueio de cookies n\u00e3o essenciais poder\u00e1 afetar funcionalidades da loja.<\/p>\n<\/li>\n<\/ul>\n<h4 data-start=\"4153\" data-end=\"4194\">d) Como gerir cookies no navegador<\/h4>\n<p data-start=\"4195\" data-end=\"4340\">Pode eliminar ou bloquear cookies atrav\u00e9s das defini\u00e7\u00f5es do seu navegador (Chrome, Firefox, Safari, etc). <span class=\"\" data-state=\"closed\"><span class=\"ms-1 inline-flex max-w-full items-center relative top-[-0.094rem] animate-[show_150ms_ease-in]\" data-testid=\"webpage-citation-pill\"><a class=\"flex h-4.5 overflow-hidden rounded-xl px-2 text-[9px] font-medium transition-colors duration-150 ease-in-out text-token-text-secondary! bg-[#F4F4F4]! dark:bg-[#303030]!\" href=\"https:\/\/www.equitone.com\/siteassets\/documents\/pt\/cookies-completo-pt-2020.pdf?v=4a0681&amp;utm_source=chatgpt.com\" target=\"_blank\" rel=\"noopener\"><span class=\"relative start-0 bottom-0 flex h-full w-full items-center\"><span class=\"flex h-4 w-full items-center justify-between\"><span class=\"max-w-[15ch] grow truncate overflow-hidden text-center\">equitone.com<\/span><span class=\"-me-1 flex h-full items-center rounded-full px-1 text-[#8F8F8F]\">+1<\/span><\/span><\/span><\/a><\/span><\/span><\/p>\n<h4 data-start=\"4342\" data-end=\"4371\">e) Dura\u00e7\u00e3o dos cookies<\/h4>\n<p data-start=\"4372\" data-end=\"4531\">Cada cookie tem prazo de validade vari\u00e1vel (ex.: sess\u00e3o da utilizador at\u00e9 fecho do navegador; cookies persistentes de 1 ano ou mais), dependendo da sua fun\u00e7\u00e3o.<\/p>\n<hr data-start=\"4533\" data-end=\"4536\" \/>\n<h3 data-start=\"4538\" data-end=\"4568\">8. Conserva\u00e7\u00e3o dos dados<\/h3>\n<p data-start=\"4569\" data-end=\"4835\">Os dados pessoais s\u00e3o conservados apenas durante o tempo necess\u00e1rio para as finalidades descritas ou conforme obriga\u00e7\u00e3o legal. Ap\u00f3s esse per\u00edodo, ser\u00e3o destru\u00eddos ou anonimizados.<br data-start=\"4748\" data-end=\"4751\" \/>Dados fiscais podem ter reten\u00e7\u00e3o legal por v\u00e1rios anos conforme legisla\u00e7\u00e3o em vigor.<\/p>\n<hr data-start=\"4837\" data-end=\"4840\" \/>\n<h3 data-start=\"4842\" data-end=\"4883\">9. Direitos dos titulares dos dados<\/h3>\n<p data-start=\"4884\" data-end=\"4900\">Tem direito a:<\/p>\n<ul data-start=\"4901\" data-end=\"5353\">\n<li data-start=\"4901\" data-end=\"4949\">\n<p data-start=\"4903\" data-end=\"4949\">Acessar os seus dados pessoais que tratamos.<\/p>\n<\/li>\n<li data-start=\"4950\" data-end=\"5011\">\n<p data-start=\"4952\" data-end=\"5011\">Solicitar a retifica\u00e7\u00e3o de dados inexatos ou incompletos.<\/p>\n<\/li>\n<li data-start=\"5012\" data-end=\"5067\">\n<p data-start=\"5014\" data-end=\"5067\">Solicitar a elimina\u00e7\u00e3o dos dados, quando aplic\u00e1vel.<\/p>\n<\/li>\n<li data-start=\"5068\" data-end=\"5117\">\n<p data-start=\"5070\" data-end=\"5117\">Opor-se ou solicitar limita\u00e7\u00e3o do tratamento.<\/p>\n<\/li>\n<li data-start=\"5118\" data-end=\"5161\">\n<p data-start=\"5120\" data-end=\"5161\">Solicitar portabilidade dos seus dados.<\/p>\n<\/li>\n<li data-start=\"5162\" data-end=\"5353\">\n<p data-start=\"5164\" data-end=\"5353\">Retirar consentimento previamente dado (sem afetar a legalidade dos tratamentos anteriores).<br data-start=\"5256\" data-end=\"5259\" \/>Para exercer estes direitos contacte-nos via <a class=\"decorated-link cursor-pointer\" rel=\"noopener\" data-start=\"5304\" data-end=\"5327\">info@quintadasamoca.com<\/a> ou pelos contactos acima.<\/p>\n<\/li>\n<\/ul>\n<hr data-start=\"5355\" data-end=\"5358\" \/>\n<h3 data-start=\"5360\" data-end=\"5389\">10. Seguran\u00e7a dos dados<\/h3>\n<p data-start=\"5390\" data-end=\"5599\">Implement\u00e1mos medidas t\u00e9cnicas e organizativas apropriadas (ex.: encripta\u00e7\u00e3o, controlo de acessos, backups regulares) para proteger os dados pessoais.<br data-start=\"5540\" data-end=\"5543\" \/>Apesar disso, nenhum sistema \u00e9 completamente inviol\u00e1vel.<\/p>\n<hr data-start=\"5601\" data-end=\"5604\" \/>\n<h3 data-start=\"5606\" data-end=\"5654\">11. Transfer\u00eancias internacionais de dados<\/h3>\n<p data-start=\"5655\" data-end=\"5840\">Se os seus dados forem transferidos para fora do Espa\u00e7o Econ\u00f3mico Europeu (EEE), isso ser\u00e1 feito com garantias adequadas (ex.: cl\u00e1usulas tipo UE) e ser\u00e1 informado no momento apropriado.<\/p>\n<hr data-start=\"5842\" data-end=\"5845\" \/>\n<h3 data-start=\"5847\" data-end=\"5883\">12. Altera\u00e7\u00f5es a esta Pol\u00edtica<\/h3>\n<p data-start=\"5884\" data-end=\"6041\">Podemos atualizar esta Pol\u00edtica a qualquer momento. A vers\u00e3o revisada ser\u00e1 publicada no site com nova data de atualiza\u00e7\u00e3o. Recomenda-se a consulta peri\u00f3dica.<\/p>\n<hr data-start=\"6043\" data-end=\"6046\" \/>\n<h3 data-start=\"6048\" data-end=\"6066\">13. Contacto<\/h3>\n<p data-start=\"6067\" data-end=\"6260\">Se tiver d\u00favidas ou quest\u00f5es, contacte-nos em:<br data-start=\"6113\" data-end=\"6116\" \/>E-mail: <a class=\"decorated-link cursor-pointer\" rel=\"noopener\" data-start=\"6124\" data-end=\"6147\">info@quintadasamoca.com<\/a><br data-start=\"6147\" data-end=\"6150\" \/>Telefone: 255 148 459 | 938 108 103<br data-start=\"6185\" data-end=\"6188\" \/>Morada: Rua 5 de Outubro, N\u00ba 8, 2.\u00ba Andar, 4630-230 Marco de Canaveses<\/p>\t\t\t\t\t\t\t\t<\/div>\n\t\t\t\t\t<\/div>\n\t\t\t\t<\/div>\n\t\t\t\t<\/div>\n\t\t","protected":false},"excerpt":{"rendered":"<p>Pol\u00edtica de Privacidade e Cookies Pol\u00edtica de Privacidade &amp; Cookies Terras de S. Martinho &#8211; Sociedade Agr\u00edcola LdaRua 5 de Outubro, N\u00ba 8, 2.\u00ba Andar \u2014 4630-230 Marco de CanavesesNIF: 513657819Telefone: 255 148 459 | Telem\u00f3vel: 938 108 103E-mail: info@quintadasamoca.comVers\u00e3o: 1.0 \u2013 Atualiza\u00e7\u00e3o: [Inserir data] 1. Introdu\u00e7\u00e3o Esta Pol\u00edtica explica como recolhemos, usamos, divulgamos e &hellip; <\/p>\n<p class=\"link-more\"><a href=\"http:\/\/www.quintadasamoca.com\/en\/politica-de-privacidade-e-cookies\/\" class=\"more-link\">Continue reading<span class=\"screen-reader-text\"> &#8220;Pol\u00edtica de Privacidade e Cookies&#8221;<\/span><\/a><\/p>\n","protected":false},"author":1,"featured_media":0,"parent":0,"menu_order":0,"comment_status":"closed","ping_status":"closed","template":"","meta":{"_acf_changed":false,"footnotes":""},"class_list":["post-3","page","type-page","status-publish","hentry"],"acf":[],"_links":{"self":[{"href":"http:\/\/www.quintadasamoca.com\/en\/wp-json\/wp\/v2\/pages\/3","targetHints":{"allow":["GET"]}}],"collection":[{"href":"http:\/\/www.quintadasamoca.com\/en\/wp-json\/wp\/v2\/pages"}],"about":[{"href":"http:\/\/www.quintadasamoca.com\/en\/wp-json\/wp\/v2\/types\/page"}],"author":[{"embeddable":true,"href":"http:\/\/www.quintadasamoca.com\/en\/wp-json\/wp\/v2\/users\/1"}],"replies":[{"embeddable":true,"href":"http:\/\/www.quintadasamoca.com\/en\/wp-json\/wp\/v2\/comments?post=3"}],"version-history":[{"count":17,"href":"http:\/\/www.quintadasamoca.com\/en\/wp-json\/wp\/v2\/pages\/3\/revisions"}],"predecessor-version":[{"id":2562,"href":"http:\/\/www.quintadasamoca.com\/en\/wp-json\/wp\/v2\/pages\/3\/revisions\/2562"}],"wp:attachment":[{"href":"http:\/\/www.quintadasamoca.com\/en\/wp-json\/wp\/v2\/media?parent=3"}],"curies":[{"name":"wp","href":"https:\/\/api.w.org\/{rel}","templated":true}]}}